{"id":8,"date":"2026-02-24T20:25:38","date_gmt":"2026-02-24T20:25:38","guid":{"rendered":"https:\/\/www.sanger-til-bryllup.dk\/?page_id=8"},"modified":"2026-03-29T11:49:41","modified_gmt":"2026-03-29T11:49:41","slug":"silverstorm","status":"publish","type":"page","link":"https:\/\/www.sanger-til-bryllup.dk\/","title":{"rendered":"Front Page"},"content":{"rendered":"<div data-colibri-id=\"8-c1\" class=\"style-177 style-local-8-c1 position-relative\">\r\n  <!---->\r\n  <div data-colibri-component=\"section\" data-colibri-id=\"8-c2\" id=\"about\" class=\"h-section h-section-global-spacing d-flex align-items-lg-center align-items-md-center align-items-center style-183 style-local-8-c2 position-relative\">\r\n    <!---->\r\n    <!---->\r\n    <div class=\"h-section-grid-container h-section-boxed-container\">\r\n      <!---->\r\n      <div data-colibri-id=\"8-c3\" class=\"h-row-container gutters-row-lg-1 gutters-row-md-1 gutters-row-0 gutters-row-v-lg-1 gutters-row-v-md-1 gutters-row-v-1 style-184 style-local-8-c3 position-relative\">\r\n        <!---->\r\n        <div class=\"h-row justify-content-lg-center justify-content-md-center justify-content-center align-items-lg-stretch align-items-md-stretch align-items-stretch gutters-col-lg-1 gutters-col-md-1 gutters-col-0 gutters-col-v-lg-1 gutters-col-v-md-1 gutters-col-v-1\">\r\n          <!---->\r\n          <div class=\"h-column h-column-container d-flex h-col-lg-auto h-col-md-auto h-col-auto style-185-outer style-local-8-c4-outer\">\r\n            <div data-colibri-id=\"8-c4\" class=\"d-flex h-flex-basis h-column__inner h-px-lg-0 h-px-md-0 h-px-0 v-inner-lg-0 v-inner-md-0 v-inner-0 style-185 style-local-8-c4 position-relative\">\r\n              <!---->\r\n              <!---->\r\n              <div class=\"w-100 h-y-container h-column__content h-column__v-align flex-basis-100 align-self-lg-center align-self-md-center align-self-center\">\r\n                <!---->\r\n                <div data-colibri-id=\"8-c5\" class=\"h-global-transition-all h-heading style-187 style-local-8-c5 position-relative h-element\">\r\n                  <!---->\r\n                  <div class=\"h-heading__outer style-187 style-local-8-c5\">\r\n                    <!---->\r\n                    <!---->\r\n                    <h2 class=\"\">Lad os lave jeres s\u00e6rlige stund smuk, \u00e6gte, n\u00e6rv\u00e6rende og ikke mindst uforglemmelig.<\/h2>\r\n                  <\/div>\r\n                <\/div>\r\n                <div data-colibri-id=\"8-c6\" class=\"h-text h-text-component style-188 style-local-8-c6 position-relative h-element\">\r\n                  <!---->\r\n                  <!---->\r\n                  <div class=\"\">\r\n                    <p><span style=\"color: rgb(34, 34, 34); font-family: &quot;Helvetica Neue&quot;; font-size: 13px; font-weight: 400;\">&#8220;Jeg elsker det! Det er ikke kun en spillemands job at berige folks s\u00e6rlige \u00f8jeblikke. Det er ogs\u00e5 hans st\u00f8rste \u00e6re.&#8221; &#8211; Brinck<\/span><\/p>\r\n                  <\/div>\r\n                <\/div>\r\n              <\/div>\r\n            <\/div>\r\n          <\/div>\r\n          <div class=\"h-column h-column-container d-flex h-col-lg-auto h-col-md-auto h-col-auto style-189-outer style-local-8-c7-outer\">\r\n            <div data-colibri-id=\"8-c7\" class=\"d-flex h-flex-basis h-column__inner h-ui-empty-state-container h-px-lg-2 h-px-md-2 h-px-2 v-inner-lg-2 v-inner-md-2 v-inner-2 style-189 style-local-8-c7 position-relative\">\r\n              <!---->\r\n              <!---->\r\n              <div class=\"w-100 h-y-container h-column__content h-column__v-align flex-basis-100\">\r\n                <!---->\r\n              <\/div>\r\n            <\/div>\r\n          <\/div>\r\n        <\/div>\r\n      <\/div>\r\n    <\/div>\r\n  <\/div>\r\n  <div data-colibri-component=\"section\" data-colibri-id=\"8-c8\" id=\"content-2\" class=\"h-section h-section-global-spacing d-flex align-items-lg-center align-items-md-center align-items-center style-213 style-local-8-c8 h-overflow-hidden position-relative\">\r\n    <!---->\r\n    <!---->\r\n    <div class=\"h-section-grid-container h-section-fluid-container\">\r\n      <!---->\r\n      <div data-colibri-id=\"8-c9\" class=\"h-row-container gutters-row-lg-0 gutters-row-md-0 gutters-row-2 gutters-row-v-lg-0 gutters-row-v-md-0 gutters-row-v-2 style-214 style-local-8-c9 position-relative\">\r\n        <!---->\r\n        <div class=\"h-row justify-content-lg-center justify-content-md-center justify-content-center align-items-lg-stretch align-items-md-stretch align-items-stretch gutters-col-lg-0 gutters-col-md-0 gutters-col-2 gutters-col-v-lg-0 gutters-col-v-md-0 gutters-col-v-2\">\r\n          <!---->\r\n          <div class=\"h-column h-column-container d-flex h-col-lg-auto h-col-md-auto h-col-auto style-215-outer style-local-8-c10-outer\">\r\n            <div data-colibri-id=\"8-c10\" class=\"d-flex h-flex-basis h-column__inner h-ui-empty-state-container h-px-lg-0 h-px-md-0 h-px-0 v-inner-lg-0 v-inner-md-0 v-inner-0 style-215 style-local-8-c10 position-relative\">\r\n              <!---->\r\n              <!---->\r\n              <div class=\"w-100 h-y-container h-column__content h-column__v-align flex-basis-100\">\r\n                <!---->\r\n              <\/div>\r\n            <\/div>\r\n          <\/div>\r\n          <div class=\"h-column h-column-container d-flex h-col-lg-auto h-col-md-auto h-col-auto style-216-outer style-local-8-c11-outer\">\r\n            <div data-colibri-id=\"8-c11\" class=\"d-flex h-flex-basis h-column__inner h-px-lg-0 h-px-md-0 h-px-0 v-inner-lg-0 v-inner-md-0 v-inner-0 style-216 style-local-8-c11 position-relative\">\r\n              <!---->\r\n              <!---->\r\n              <div class=\"w-100 h-y-container h-column__content h-column__v-align flex-basis-100 align-self-lg-start align-self-md-start align-self-start\">\r\n                <!---->\r\n                <div data-colibri-id=\"8-c12\" class=\"h-divider style-205 style-local-8-c12 position-relative h-element\">\r\n                  <!----><span class=\"h-divider__line style-205-line style-local-8-c12-line style-205-line style-local-8-c12-line\"><\/span><\/div>\r\n                <div data-colibri-id=\"8-c13\" class=\"h-global-transition-all h-heading style-218 style-local-8-c13 position-relative h-element\">\r\n                  <!---->\r\n                  <div class=\"h-heading__outer style-218 style-local-8-c13\">\r\n                    <!---->\r\n                    <!---->\r\n                    <h2 class=\"\">&#8220;Det er en \u00e6re at f\u00e5 lov til til at v\u00e6re sanger til bryllup&#8221;<\/h2>\r\n                  <\/div>\r\n                <\/div>\r\n                <div data-colibri-id=\"8-c14\" class=\"h-text h-text-component style-219 style-local-8-c14 position-relative h-element\">\r\n                  <!---->\r\n                  <!---->\r\n                  <div class=\"\">\r\n                    <p>\u201cDet er en \u00e6re at f\u00e5 lov at v\u00e6re sanger til bryllup<\/p>\r\n                    <p>For mig handler det ikke om at fylde rummet, men om at l\u00f8fte det. Blive en del af folks bedste minder.<\/p>\r\n                    <p>Mit m\u00e5l er enkelt: at skabe en smuk, \u00e6gte og n\u00e6rv\u00e6rende stund.<span style=\"font-weight: 400; font-size: 16px; font-family: &quot;Didact Gothic&quot;; color: rgb(113, 113, 117);\">\u201d<\/span><\/p>\r\n                    <p>BRINCK<\/p>\r\n                  <\/div>\r\n                <\/div>\r\n              <\/div>\r\n            <\/div>\r\n          <\/div>\r\n        <\/div>\r\n      <\/div>\r\n    <\/div>\r\n  <\/div>\r\n  <div data-colibri-component=\"section\" data-colibri-id=\"8-c15\" id=\"custom\" class=\"h-section h-section-global-spacing d-flex align-items-lg-center align-items-md-center align-items-center style-299 style-local-8-c15 position-relative\">\r\n    <!---->\r\n    <!---->\r\n    <div class=\"h-section-grid-container h-section-boxed-container\">\r\n      <!---->\r\n      <div data-colibri-id=\"8-c16\" class=\"h-row-container gutters-row-lg-2 gutters-row-md-2 gutters-row-0 gutters-row-v-lg-2 gutters-row-v-md-2 gutters-row-v-2 style-300 style-local-8-c16 position-relative\">\r\n        <!---->\r\n        <div class=\"h-row justify-content-lg-center justify-content-md-center justify-content-center align-items-lg-stretch align-items-md-stretch align-items-stretch gutters-col-lg-2 gutters-col-md-2 gutters-col-0 gutters-col-v-lg-2 gutters-col-v-md-2 gutters-col-v-2\">\r\n          <!---->\r\n          <div class=\"h-column h-column-container d-flex h-col-lg-auto h-col-md-auto h-col-auto style-301-outer style-local-8-c17-outer\">\r\n            <div data-colibri-id=\"8-c17\" class=\"d-flex h-flex-basis h-column__inner h-px-lg-2 h-px-md-2 h-px-2 v-inner-lg-2 v-inner-md-2 v-inner-2 style-301 style-local-8-c17 position-relative\">\r\n              <!---->\r\n              <!---->\r\n              <div class=\"w-100 h-y-container h-column__content h-column__v-align flex-basis-100 align-self-lg-start align-self-md-start align-self-start\">\r\n                <!---->\r\n                <div data-colibri-id=\"8-c18\" class=\"h-text h-text-component style-302 style-local-8-c18 position-relative h-element\">\r\n                  <!---->\r\n                  <!---->\r\n                  <div class=\"\">\r\n                    <p>FOR\r\n                      <a href=\"https:\/\/www.sanger-til-bryllup.dk?page_id=2\">BOOKING<\/a> KONTAKT: LARS GODBERSEN &#8211; +4520133399 &#8211; LARS@GODBERSEN.DK<\/p>\r\n                  <\/div>\r\n                <\/div>\r\n              <\/div>\r\n            <\/div>\r\n          <\/div>\r\n        <\/div>\r\n      <\/div>\r\n    <\/div>\r\n  <\/div>\r\n  <div data-colibri-component=\"section\" data-colibri-id=\"8-c19\" id=\"custom-2\" class=\"h-section h-section-global-spacing d-flex align-items-lg-center align-items-md-center align-items-center style-310 style-local-8-c19 position-relative\">\r\n    <!---->\r\n    <!---->\r\n    <div class=\"h-section-grid-container h-section-boxed-container\">\r\n      <!---->\r\n      <div data-colibri-id=\"8-c20\" class=\"h-row-container gutters-row-lg-2 gutters-row-md-2 gutters-row-0 gutters-row-v-lg-2 gutters-row-v-md-2 gutters-row-v-2 style-311 style-local-8-c20 position-relative\">\r\n        <!---->\r\n        <div class=\"h-row justify-content-lg-center justify-content-md-center justify-content-center align-items-lg-stretch align-items-md-stretch align-items-stretch gutters-col-lg-2 gutters-col-md-2 gutters-col-0 gutters-col-v-lg-2 gutters-col-v-md-2 gutters-col-v-2\">\r\n          <!---->\r\n          <div class=\"h-column h-column-container d-flex h-col-lg-auto h-col-md-auto h-col-auto style-312-outer style-local-8-c21-outer\">\r\n            <div data-colibri-id=\"8-c21\" class=\"d-flex h-flex-basis h-column__inner h-px-lg-2 h-px-md-2 h-px-2 v-inner-lg-2 v-inner-md-2 v-inner-2 style-312 style-local-8-c21 position-relative\">\r\n              <!---->\r\n              <!---->\r\n              <div class=\"w-100 h-y-container h-column__content h-column__v-align flex-basis-100 align-self-lg-start align-self-md-start align-self-start\">\r\n                <!---->\r\n                <div data-colibri-id=\"8-c22\" class=\"h-text h-text-component style-313 style-local-8-c22 position-relative h-element\">\r\n                  <!---->\r\n                  <!---->\r\n                  <div class=\"\">\r\n                    <h2>G\u00f8r jeres bryllup uforglemmeligt med Brinck<\/h2>\r\n                    <p>Du kender ham fra hans originale sange, eksempel titelsangen fra Anna Pihl, \u201cIn the End I started\u201d. Den f\u00f8rste vindersang fra X-factor \u201cThe 1\u201d, eller m\u00e5ske \u201cSommer\u201d, den virale succeshistorie med 24 millioner afspilninger p\u00e5 YouTube,\r\n                      som ogs\u00e5 var temaet til morgen tv. Eller fra da han\r\n                      <a href=\"https:\/\/www.dr.dk\/nyheder\/kultur\/brinck-vandt-dansk-melodi-grand-prix\">vandt Melodi Grand Prix<\/a> med \u201cBelieve Again\u201d og repr\u00e6senterede Danmark i Rusland med en finaleplads til f\u00f8lge. Men du har sandsynligvis aldrig oplevet ham i det format, der ligger ham allern\u00e6rmest og som g\u00f8r ham til en helt s\u00e6rlig\r\n                      sanger til bryllup: alene med sin guitar.<\/p>\r\n                    <p>En n\u00e6rv\u00e6rende og autentisk oplevelse fra \u00f8verste hylde.<\/p>\r\n                    <p>N\u00e5r to mennesker siger ja til hinanden, fortjener \u00f8jeblikket en musikalsk ramme, der er lige s\u00e5 \u00e6gte som k\u00e6rligheden selv. Som vinder af Melodi Grand Prix og platin-s\u00e6lgende artist har Brinck st\u00e5et p\u00e5 de st\u00f8rste scener \u2013 men for ham\r\n                      findes der intet st\u00f8rre end at f\u00e5 lov til at v\u00e6re sanger til bryllup.<\/p>\r\n                    <p>Det er i de intime rammer, hvor f\u00f8lelserne sidder uden p\u00e5 t\u00f8jet, at musikken for alvor f\u00e5r lov til at leve og g\u00f8re en forskel.<\/p>\r\n                    <h3>Musik med hjerte og n\u00e6rv\u00e6r<\/h3>\r\n                    <p>Brinck&nbsp;medbringer ikke blot sin guitar og sin karakteristiske stemme \u2013 han medbringer en dyb respekt for begivenheden.\r\n                      <br>For ham handler det ikke om ham, men om jer og jeres store dag.\r\n                      <br>Hans filosofi er enkel: En musiker skal elske mennesker \u2013 og kunne r\u00f8re dem.\r\n                      <br>At m\u00e6rke stilheden i rummet, g\u00e5sehuden og de sm\u00e5 \u00f8jeblikke, hvor tiden st\u00e5r stille, er den st\u00f8rste bel\u00f8nning som kunstner.\r\n                      <br>Derfor er det en personlig \u00e6re for ham at optr\u00e6de til jeres bryllup \u2013 med \u00e9t m\u00e5l: at skabe en smuk, \u00e6gte og n\u00e6rv\u00e6rende stund.<\/p>\r\n                    <p>\r\n                      <br>\r\n                    <\/p>\r\n                    <h3>Professionel erfaring til jeres store dag<\/h3>\r\n                    <p>N\u00e5r I booker&nbsp;Brinck, f\u00e5r I professionel erfaring kombineret med en sj\u00e6lden ydmyghed. Han forst\u00e5r at l\u00e6se rummet og levere en optr\u00e6den, der komplementerer jeres bryllup uden at overskygge det. Det handler om at berige jeres minder\r\n                      og s\u00f8rge for, at jeres store \u00f8jeblik bliver pr\u00e6cis s\u00e5 eksklusivt og uforglemmeligt, som I dr\u00f8mmer om.<\/p>\r\n                    <p>Lad os sammen g\u00f8re jeres dag til noget helt s\u00e6rligt.<\/p>\r\n                    <p>Kontakt os i dag og h\u00f8r mere om mulighederne for at booke&nbsp;Brinck&nbsp;som sanger til bryllup.<\/p>\r\n                    <p>\r\n                      <br>\r\n                    <\/p>\r\n                  <\/div>\r\n                <\/div>\r\n              <\/div>\r\n            <\/div>\r\n          <\/div>\r\n        <\/div>\r\n      <\/div>\r\n    <\/div>\r\n  <\/div>\r\n<\/div>","protected":false},"excerpt":{"rendered":"<p>Lad os lave jeres s\u00e6rlige stund smuk, \u00e6gte, n\u00e6rv\u00e6rende og ikke mindst uforglemmelig. [&hellip;]<\/p>\n","protected":false},"author":2,"featured_media":0,"parent":0,"menu_order":0,"comment_status":"closed","ping_status":"closed","template":"page-templates\/homepage.php","meta":{"footnotes":""},"class_list":["post-8","page","type-page","status-publish","hentry"],"yoast_head":"<!-- This site is optimized with the Yoast SEO plugin v27.1.1 - https:\/\/yoast.com\/product\/yoast-seo-wordpress\/ -->\n<title>Sanger til bryllup | Smuk live musik til den store dag<\/title>\n<meta name=\"description\" content=\"Vi udbyder BRINCK, melodi grand prix vinder og platin s\u00e6lger. Han har erfaring og professionalisme. Den bedste sanger til DIT bryllup\" \/>\n<meta name=\"robots\" content=\"index, follow, max-snippet:-1, max-image-preview:large, max-video-preview:-1\" \/>\n<link rel=\"canonical\" href=\"https:\/\/www.sanger-til-bryllup.dk\/\" \/>\n<meta property=\"og:locale\" content=\"da_DK\" \/>\n<meta property=\"og:type\" content=\"article\" \/>\n<meta property=\"og:title\" content=\"Sanger til bryllup | Smuk live musik til den store dag\" \/>\n<meta property=\"og:description\" content=\"Vi udbyder BRINCK, melodi grand prix vinder og platin s\u00e6lger. Han har erfaring og professionalisme. Den bedste sanger til DIT bryllup\" \/>\n<meta property=\"og:url\" content=\"https:\/\/www.sanger-til-bryllup.dk\/\" \/>\n<meta property=\"og:site_name\" content=\"Sanger til Bryllup\" \/>\n<meta property=\"article:modified_time\" content=\"2026-03-29T11:49:41+00:00\" \/>\n<meta name=\"twitter:card\" content=\"summary_large_image\" \/>\n<meta name=\"twitter:label1\" content=\"Estimeret l\u00e6setid\" \/>\n\t<meta name=\"twitter:data1\" content=\"3 minutter\" \/>\n<script type=\"application\/ld+json\" class=\"yoast-schema-graph\">{\"@context\":\"https:\/\/schema.org\",\"@graph\":[{\"@type\":\"WebPage\",\"@id\":\"https:\/\/www.sanger-til-bryllup.dk\/\",\"url\":\"https:\/\/www.sanger-til-bryllup.dk\/\",\"name\":\"Sanger til bryllup | Smuk live musik til den store dag\",\"isPartOf\":{\"@id\":\"https:\/\/www.sanger-til-bryllup.dk\/#website\"},\"datePublished\":\"2026-02-24T20:25:38+00:00\",\"dateModified\":\"2026-03-29T11:49:41+00:00\",\"description\":\"Vi udbyder BRINCK, melodi grand prix vinder og platin s\u00e6lger. Han har erfaring og professionalisme. Den bedste sanger til DIT bryllup\",\"breadcrumb\":{\"@id\":\"https:\/\/www.sanger-til-bryllup.dk\/#breadcrumb\"},\"inLanguage\":\"da-DK\",\"potentialAction\":[{\"@type\":\"ReadAction\",\"target\":[\"https:\/\/www.sanger-til-bryllup.dk\/\"]}]},{\"@type\":\"BreadcrumbList\",\"@id\":\"https:\/\/www.sanger-til-bryllup.dk\/#breadcrumb\",\"itemListElement\":[{\"@type\":\"ListItem\",\"position\":1,\"name\":\"Hjem\",\"item\":\"https:\/\/www.sanger-til-bryllup.dk\/\"},{\"@type\":\"ListItem\",\"position\":2,\"name\":\"Front Page\"}]},{\"@type\":\"WebSite\",\"@id\":\"https:\/\/www.sanger-til-bryllup.dk\/#website\",\"url\":\"https:\/\/www.sanger-til-bryllup.dk\/\",\"name\":\"Sanger til Bryllup\",\"description\":\"\",\"potentialAction\":[{\"@type\":\"SearchAction\",\"target\":{\"@type\":\"EntryPoint\",\"urlTemplate\":\"https:\/\/www.sanger-til-bryllup.dk\/?s={search_term_string}\"},\"query-input\":{\"@type\":\"PropertyValueSpecification\",\"valueRequired\":true,\"valueName\":\"search_term_string\"}}],\"inLanguage\":\"da-DK\"}]}<\/script>\n<!-- \/ Yoast SEO plugin. -->","yoast_head_json":{"title":"Sanger til bryllup | Smuk live musik til den store dag","description":"Vi udbyder BRINCK, melodi grand prix vinder og platin s\u00e6lger. Han har erfaring og professionalisme. Den bedste sanger til DIT bryllup","robots":{"index":"index","follow":"follow","max-snippet":"max-snippet:-1","max-image-preview":"max-image-preview:large","max-video-preview":"max-video-preview:-1"},"canonical":"https:\/\/www.sanger-til-bryllup.dk\/","og_locale":"da_DK","og_type":"article","og_title":"Sanger til bryllup | Smuk live musik til den store dag","og_description":"Vi udbyder BRINCK, melodi grand prix vinder og platin s\u00e6lger. Han har erfaring og professionalisme. Den bedste sanger til DIT bryllup","og_url":"https:\/\/www.sanger-til-bryllup.dk\/","og_site_name":"Sanger til Bryllup","article_modified_time":"2026-03-29T11:49:41+00:00","twitter_card":"summary_large_image","twitter_misc":{"Estimeret l\u00e6setid":"3 minutter"},"schema":{"@context":"https:\/\/schema.org","@graph":[{"@type":"WebPage","@id":"https:\/\/www.sanger-til-bryllup.dk\/","url":"https:\/\/www.sanger-til-bryllup.dk\/","name":"Sanger til bryllup | Smuk live musik til den store dag","isPartOf":{"@id":"https:\/\/www.sanger-til-bryllup.dk\/#website"},"datePublished":"2026-02-24T20:25:38+00:00","dateModified":"2026-03-29T11:49:41+00:00","description":"Vi udbyder BRINCK, melodi grand prix vinder og platin s\u00e6lger. Han har erfaring og professionalisme. Den bedste sanger til DIT bryllup","breadcrumb":{"@id":"https:\/\/www.sanger-til-bryllup.dk\/#breadcrumb"},"inLanguage":"da-DK","potentialAction":[{"@type":"ReadAction","target":["https:\/\/www.sanger-til-bryllup.dk\/"]}]},{"@type":"BreadcrumbList","@id":"https:\/\/www.sanger-til-bryllup.dk\/#breadcrumb","itemListElement":[{"@type":"ListItem","position":1,"name":"Hjem","item":"https:\/\/www.sanger-til-bryllup.dk\/"},{"@type":"ListItem","position":2,"name":"Front Page"}]},{"@type":"WebSite","@id":"https:\/\/www.sanger-til-bryllup.dk\/#website","url":"https:\/\/www.sanger-til-bryllup.dk\/","name":"Sanger til Bryllup","description":"","potentialAction":[{"@type":"SearchAction","target":{"@type":"EntryPoint","urlTemplate":"https:\/\/www.sanger-til-bryllup.dk\/?s={search_term_string}"},"query-input":{"@type":"PropertyValueSpecification","valueRequired":true,"valueName":"search_term_string"}}],"inLanguage":"da-DK"}]}},"_links":{"self":[{"href":"https:\/\/www.sanger-til-bryllup.dk\/index.php?rest_route=\/wp\/v2\/pages\/8","targetHints":{"allow":["GET"]}}],"collection":[{"href":"https:\/\/www.sanger-til-bryllup.dk\/index.php?rest_route=\/wp\/v2\/pages"}],"about":[{"href":"https:\/\/www.sanger-til-bryllup.dk\/index.php?rest_route=\/wp\/v2\/types\/page"}],"author":[{"embeddable":true,"href":"https:\/\/www.sanger-til-bryllup.dk\/index.php?rest_route=\/wp\/v2\/users\/2"}],"replies":[{"embeddable":true,"href":"https:\/\/www.sanger-til-bryllup.dk\/index.php?rest_route=%2Fwp%2Fv2%2Fcomments&post=8"}],"version-history":[{"count":20,"href":"https:\/\/www.sanger-til-bryllup.dk\/index.php?rest_route=\/wp\/v2\/pages\/8\/revisions"}],"predecessor-version":[{"id":379,"href":"https:\/\/www.sanger-til-bryllup.dk\/index.php?rest_route=\/wp\/v2\/pages\/8\/revisions\/379"}],"wp:attachment":[{"href":"https:\/\/www.sanger-til-bryllup.dk\/index.php?rest_route=%2Fwp%2Fv2%2Fmedia&parent=8"}],"curies":[{"name":"wp","href":"https:\/\/api.w.org\/{rel}","templated":true}]}}